{"id":2808,"date":"2026-01-28T07:05:04","date_gmt":"2026-01-28T07:05:04","guid":{"rendered":"https:\/\/massocars.de\/?page_id=2808"},"modified":"2026-01-28T07:18:40","modified_gmt":"2026-01-28T07:18:40","slug":"impressum","status":"publish","type":"page","link":"https:\/\/massocars.de\/en\/impressum\/","title":{"rendered":"Imprint"},"content":{"rendered":"<style>.elementor-2808 .elementor-element.elementor-element-b5b3deb{--display:flex;--padding-top:42px;--padding-bottom:0px;--padding-left:0px;--padding-right:0px;}.elementor-2808 .elementor-element.elementor-element-f66a9b5{padding:128px 0px 0px 0px;color:#FFFFFF;}.elementor-2808 .elementor-element.elementor-element-f66a9b5 a{color:#FFFFFF;}<\/style>\t\t<div data-elementor-type=\"wp-page\" data-elementor-id=\"2808\" class=\"elementor elementor-2808\">\n\t\t\t\t<div class=\"elementor-element elementor-element-b5b3deb e-flex e-con-boxed wpr-particle-no wpr-jarallax-no wpr-parallax-no wpr-sticky-section-no e-con e-parent\" data-id=\"b5b3deb\" data-element_type=\"container\">\n\t\t\t\t\t<div class=\"e-con-inner\">\n\t\t\t\t<div class=\"elementor-element elementor-element-f66a9b5 elementor-widget elementor-widget-text-editor\" data-id=\"f66a9b5\" data-element_type=\"widget\" data-widget_type=\"text-editor.default\">\n\t\t\t\t\t\t\t\t\t<h4>Mandatory Information pursuant to Section 5 Digital Services Act \u2013 DDG \/ Imprint<\/h4><p>\u00a0<\/p><p><strong>Marcel Jorge Masso Despaigne<\/strong><\/p><p><strong>Masso Cars &amp; Co.<\/strong><\/p><p>Sandkamp 1<\/p><p>22111 Hamburg<\/p><p>\u00a0<\/p><p><strong>Mobil:<\/strong> + 49 (0) 163 \u2013 9148 238<\/p><p><strong>E-Mail: <\/strong><a href=\"mailto:info@massocars.de\"><strong>info@massocars.de<\/strong><\/a><\/p><p><strong>\u00a0<\/strong><\/p><p><strong>Inhaltlich Verantwortlicher gem\u00e4\u00df \u00a7 18 MStV: <\/strong>Marcel Jorge Masso Despaigne, Sandkamp 1, 22111 Hamburg<\/p><p>\u00a0<\/p><p><strong>Terms of Use \/ Disclaimer<\/strong><\/p><p>(1) This website is subject to the following terms of use, which are bindingly agreed between the user and the service provider upon accessing this website. If special conditions for individual uses of this website deviate from the following terms of use, this will be expressly indicated at the appropriate place on the website. In such cases, the specific terms of use shall apply additionally in the respective individual case.<\/p><p>This website contains data and information of all kinds that are protected by trademark and\/or copyright law in favor of the service provider or, in individual cases, also in favor of third parties. It is therefore not permitted to download, reproduce, and\/or distribute the website in whole or in part. In particular, technically necessary reproduction for the purpose of browsing is permitted, provided that this action does not serve commercial purposes, as well as permanent reproduction for personal use.<\/p><p>(2) It is permitted to place a link to this website as long as it serves solely as a cross-reference. The service provider reserves the right to revoke this permission. Framing of this website is not permitted.<\/p><p>(3) The service provider is liable for the content of its website in accordance with the statutory provisions. No guarantee is given for the accuracy or completeness of the information provided on the website. References and links to third-party websites do not mean that the service provider adopts the content behind the reference or link as its own. The content does not establish any responsibility of the service provider for the data and information provided there. The service provider has no influence over the content behind the link. Therefore, the service provider is not liable for illegal, incorrect, or incomplete content or for damages resulting from the use of content behind such links.<\/p><p>(4) The use of the internet is at the user\u2019s own risk. In particular, the service provider is not liable for technical failures of the internet or access to the internet.<\/p><p>(5) If the contractual partner is a merchant, a legal entity under public law, or a special fund under public law, the place of jurisdiction shall be the registered office of the service provider. German law applies, excluding the UN Convention on Contracts for the International Sale of Goods (CISG).<\/p><p>(6) The service provider reserves the right to modify these terms of use from time to time and to adapt them to technical and legal developments. The user \u2013 if registered \u2013 will be specifically informed about such changes. If individual provisions of this user agreement are invalid, the validity of the remaining provisions shall remain unaffected.<\/p><p>\u00a0<\/p><p>\u00a0<\/p><p>\u00a0<\/p><p><strong>\u00a9 Copyright 2026 \u2013 Copyright Notice<\/strong><\/p><p>The content, design, and structure of our website are protected by copyright, and we expressly reserve all rights. In particular, reproduction, editing, distribution, and any kind of use require our written consent unless such action is permitted without consent under statutory provisions. Downloads and copies of these pages are permitted only for private, non-commercial use.<\/p>\t\t\t\t\t\t\t\t<\/div>\n\t\t\t\t\t<\/div>\n\t\t\t\t<\/div>\n\t\t\t\t<\/div>\n\t\t\n    <div class=\"xs_social_share_widget xs_share_url after_content \t\tmain_content  wslu-style-1 wslu-share-box-shaped wslu-fill-colored wslu-none wslu-share-horizontal wslu-theme-font-no wslu-main_content\">\n\n\t\t\n        <ul>\n\t\t\t        <\/ul>\n    <\/div>","protected":false},"excerpt":{"rendered":"<p>Pflichtangaben nach \u00a7 5 Digitale-Dienste-Gesetz &#8211; DDG\/Impressum \u00a0 Marcel Jorge Masso Despaigne Masso Cars &amp; Co. Sandkamp 1 22111 Hamburg \u00a0 Mobil: + 49 (0) 163 \u2013 9148 238 E-Mail: info@massocars.de \u00a0 Inhaltlich Verantwortlicher gem\u00e4\u00df \u00a7 18 MStV: Marcel Jorge Masso Despaigne, Sandkamp 1, 22111 Hamburg \u00a0 Nutzungsbedingungen\/Disclaimer (1) Diese Website ist Gegenstand der nachfolgenden Nutzungsbedingungen, die im Verh\u00e4ltnis zwischen Nutzer und Dienstanbieter mit dem Aufruf dieser Website verbindlich vereinbart sind. Soweit spezielle Bedingungen f\u00fcr einzelne Nutzungen dieser Website von den nachfolgenden Nutzungsbedingungen abweichen, wird in der Website an entsprechender Stelle ausdr\u00fccklich darauf hingewiesen. Es gelten dann im jeweiligen Einzelfall erg\u00e4nzend die besonderen Nutzungsbedingungen. Diese Website beinhaltet Daten und Informationen aller Art, die marken- und\/oder urheberrechtlich zugunsten des Diensteanbieters oder im Einzelfall auch zugunsten Dritter gesch\u00fctzt sind. Es ist daher nicht gestattet, die Website im Ganzen oder einzelne Teile davon herunterzuladen, zu vervielf\u00e4ltigen und\/oder zu verbreiten. Gestattet ist vor allem die technisch bedingte Vervielf\u00e4ltigung zum Zwecke des Browsing, soweit diese Handlung keinen wirtschaftlichen Zwecken dient, sowie die dauerhafte Vervielf\u00e4ltigung f\u00fcr den eigenen Gebrauch. (2) Es ist gestattet, einen Link auf diese Website zu setzen, soweit er allein der Querreferenz dient. Der Diensteanbieter beh\u00e4lt sich das Recht vor, die Gestattung zu widerrufen. Das Framen dieser Website ist nicht gestattet. (3) Der Diensteanbieter \u00fcbernimmt die Haftung f\u00fcr die Inhalte seiner Website gem\u00e4\u00df den gesetzlichen Bestimmungen. Eine Gew\u00e4hr f\u00fcr Richtigkeit und Vollst\u00e4ndigkeit der auf der Website befindlichen Information wird nicht \u00fcbernommen. Verweise und Links auf Websites Dritter bedeuten nicht, dass sich der Diensteanbieter die hinter dem Verweis oder Link liegenden Inhalte zu eigen macht. Die Inhalte begr\u00fcnden keine Verantwortung des Diensteanbieters f\u00fcr die dort bereit gehaltenen Daten und Informationen. Der Diensteanbieter hat keinen Einfluss auf die hinter dem Link liegenden Inhalte. F\u00fcr rechtswidrige, fehlerhafte oder unvollst\u00e4ndige Inhalte und f\u00fcr Sch\u00e4den, die aufgrund der Nutzung von einem hinter dem Link liegenden Inhalt verursacht worden sind, haftet der Diensteanbieter daher nicht. (4) Die Nutzung des Internets erfolgt auf eigene Gefahr des Nutzers. Der Diensteanbieter haftet vor allem nicht f\u00fcr den technisch bedingten Ausfall des Internets bzw. des Zugangs zum Internet. (5) Gerichtsstand ist, wenn der Vertragspartner Kaufmann, juristische Person des \u00f6ffentlichen Rechts oder \u00f6ffentlich-rechtliches Sonderverm\u00f6gen ist, am Sitz des Diensteanbieters. Es gilt deutsches Recht unter Ausschluss des UN-Kaufrechts. (6) Der Diensteanbieter beh\u00e4lt sich das Recht vor, diese Nutzungsbedingungen von Zeit zu Zeit zu modifizieren und sie der technischen sowie rechtlichen Entwicklung anzupassen. Der Nutzer \u2013 soweit er sich registriert hat \u2013 wird auf die Ver\u00e4nderung gesondert hingewiesen. Im Falle der Unwirksamkeit einzelner Regelungen dieser Nutzungsvereinbarung bleibt die Wirksamkeit im \u00dcbrigen unber\u00fchrt. \u00a0 \u00a0 \u00a0 \u00a9 Copyright 2026 \u2013 Urheberrechtshinweis Der Inhalt, die Gestaltung und der Aufbau unseres Internet-Angebotes sind urheberrechtlich gesch\u00fctzt und wir behalten uns s\u00e4mtliche Schutzrechte ausdr\u00fccklich vor. Insbesondere bed\u00fcrfen die Vervielf\u00e4ltigung, Bearbeitung, Verbreitung und jede Art der Verwertung unserer schriftlichen Zustimmung, sofern die Ma\u00dfnahme nicht nach gesetzlichen Vorschriften zustimmungsfrei erlaubt ist. Downloads und Kopien dieser Seiten sind nur f\u00fcr den privaten, nicht kommerziellen Gebrauch gestattet.<\/p>","protected":false},"author":1,"featured_media":0,"parent":0,"menu_order":0,"comment_status":"closed","ping_status":"closed","template":"elementor_header_footer","meta":{"postBodyCss":"","postBodyMargin":[],"postBodyPadding":[],"postBodyBackground":{"backgroundType":"classic","gradient":""},"footnotes":""},"class_list":["post-2808","page","type-page","status-publish","hentry"],"yoast_head":"<!-- This site is optimized with the Yoast SEO plugin v26.7 - https:\/\/yoast.com\/wordpress\/plugins\/seo\/ -->\n<title>Impressum - Masso Cars &amp; Co.<\/title>\n<meta name=\"robots\" content=\"index, follow, max-snippet:-1, max-image-preview:large, max-video-preview:-1\" \/>\n<link rel=\"canonical\" href=\"https:\/\/massocars.de\/en\/impressum\/\" \/>\n<meta property=\"og:locale\" content=\"en_US\" \/>\n<meta property=\"og:type\" content=\"article\" \/>\n<meta property=\"og:title\" content=\"Impressum - Masso Cars &amp; Co.\" \/>\n<meta property=\"og:description\" content=\"Pflichtangaben nach \u00a7 5 Digitale-Dienste-Gesetz &#8211; DDG\/Impressum \u00a0 Marcel Jorge Masso Despaigne Masso Cars &amp; Co. Sandkamp 1 22111 Hamburg \u00a0 Mobil: + 49 (0) 163 \u2013 9148 238 E-Mail: info@massocars.de \u00a0 Inhaltlich Verantwortlicher gem\u00e4\u00df \u00a7 18 MStV: Marcel Jorge Masso Despaigne, Sandkamp 1, 22111 Hamburg \u00a0 Nutzungsbedingungen\/Disclaimer (1) Diese Website ist Gegenstand der nachfolgenden Nutzungsbedingungen, die im Verh\u00e4ltnis zwischen Nutzer und Dienstanbieter mit dem Aufruf dieser Website verbindlich vereinbart sind. Soweit spezielle Bedingungen f\u00fcr einzelne Nutzungen dieser Website von den nachfolgenden Nutzungsbedingungen abweichen, wird in der Website an entsprechender Stelle ausdr\u00fccklich darauf hingewiesen. Es gelten dann im jeweiligen Einzelfall erg\u00e4nzend die besonderen Nutzungsbedingungen. Diese Website beinhaltet Daten und Informationen aller Art, die marken- und\/oder urheberrechtlich zugunsten des Diensteanbieters oder im Einzelfall auch zugunsten Dritter gesch\u00fctzt sind. Es ist daher nicht gestattet, die Website im Ganzen oder einzelne Teile davon herunterzuladen, zu vervielf\u00e4ltigen und\/oder zu verbreiten. Gestattet ist vor allem die technisch bedingte Vervielf\u00e4ltigung zum Zwecke des Browsing, soweit diese Handlung keinen wirtschaftlichen Zwecken dient, sowie die dauerhafte Vervielf\u00e4ltigung f\u00fcr den eigenen Gebrauch. (2) Es ist gestattet, einen Link auf diese Website zu setzen, soweit er allein der Querreferenz dient. Der Diensteanbieter beh\u00e4lt sich das Recht vor, die Gestattung zu widerrufen. Das Framen dieser Website ist nicht gestattet. (3) Der Diensteanbieter \u00fcbernimmt die Haftung f\u00fcr die Inhalte seiner Website gem\u00e4\u00df den gesetzlichen Bestimmungen. Eine Gew\u00e4hr f\u00fcr Richtigkeit und Vollst\u00e4ndigkeit der auf der Website befindlichen Information wird nicht \u00fcbernommen. Verweise und Links auf Websites Dritter bedeuten nicht, dass sich der Diensteanbieter die hinter dem Verweis oder Link liegenden Inhalte zu eigen macht. Die Inhalte begr\u00fcnden keine Verantwortung des Diensteanbieters f\u00fcr die dort bereit gehaltenen Daten und Informationen. Der Diensteanbieter hat keinen Einfluss auf die hinter dem Link liegenden Inhalte. F\u00fcr rechtswidrige, fehlerhafte oder unvollst\u00e4ndige Inhalte und f\u00fcr Sch\u00e4den, die aufgrund der Nutzung von einem hinter dem Link liegenden Inhalt verursacht worden sind, haftet der Diensteanbieter daher nicht. (4) Die Nutzung des Internets erfolgt auf eigene Gefahr des Nutzers. Der Diensteanbieter haftet vor allem nicht f\u00fcr den technisch bedingten Ausfall des Internets bzw. des Zugangs zum Internet. (5) Gerichtsstand ist, wenn der Vertragspartner Kaufmann, juristische Person des \u00f6ffentlichen Rechts oder \u00f6ffentlich-rechtliches Sonderverm\u00f6gen ist, am Sitz des Diensteanbieters. Es gilt deutsches Recht unter Ausschluss des UN-Kaufrechts. (6) Der Diensteanbieter beh\u00e4lt sich das Recht vor, diese Nutzungsbedingungen von Zeit zu Zeit zu modifizieren und sie der technischen sowie rechtlichen Entwicklung anzupassen. Der Nutzer \u2013 soweit er sich registriert hat \u2013 wird auf die Ver\u00e4nderung gesondert hingewiesen. Im Falle der Unwirksamkeit einzelner Regelungen dieser Nutzungsvereinbarung bleibt die Wirksamkeit im \u00dcbrigen unber\u00fchrt. \u00a0 \u00a0 \u00a0 \u00a9 Copyright 2026 \u2013 Urheberrechtshinweis Der Inhalt, die Gestaltung und der Aufbau unseres Internet-Angebotes sind urheberrechtlich gesch\u00fctzt und wir behalten uns s\u00e4mtliche Schutzrechte ausdr\u00fccklich vor. Insbesondere bed\u00fcrfen die Vervielf\u00e4ltigung, Bearbeitung, Verbreitung und jede Art der Verwertung unserer schriftlichen Zustimmung, sofern die Ma\u00dfnahme nicht nach gesetzlichen Vorschriften zustimmungsfrei erlaubt ist. Downloads und Kopien dieser Seiten sind nur f\u00fcr den privaten, nicht kommerziellen Gebrauch gestattet.\" \/>\n<meta property=\"og:url\" content=\"https:\/\/massocars.de\/en\/impressum\/\" \/>\n<meta property=\"og:site_name\" content=\"Masso Cars &amp; Co.\" \/>\n<meta property=\"article:modified_time\" content=\"2026-01-28T07:18:40+00:00\" \/>\n<meta name=\"twitter:card\" content=\"summary_large_image\" \/>\n<meta name=\"twitter:label1\" content=\"Est. reading time\" \/>\n\t<meta name=\"twitter:data1\" content=\"3 minutes\" \/>\n<script type=\"application\/ld+json\" class=\"yoast-schema-graph\">{\"@context\":\"https:\/\/schema.org\",\"@graph\":[{\"@type\":\"WebPage\",\"@id\":\"https:\/\/massocars.de\/impressum\/\",\"url\":\"https:\/\/massocars.de\/impressum\/\",\"name\":\"Impressum - Masso Cars &amp; Co.\",\"isPartOf\":{\"@id\":\"https:\/\/massocars.de\/#website\"},\"datePublished\":\"2026-01-28T07:05:04+00:00\",\"dateModified\":\"2026-01-28T07:18:40+00:00\",\"breadcrumb\":{\"@id\":\"https:\/\/massocars.de\/impressum\/#breadcrumb\"},\"inLanguage\":\"en-US\",\"potentialAction\":[{\"@type\":\"ReadAction\",\"target\":[\"https:\/\/massocars.de\/impressum\/\"]}]},{\"@type\":\"BreadcrumbList\",\"@id\":\"https:\/\/massocars.de\/impressum\/#breadcrumb\",\"itemListElement\":[{\"@type\":\"ListItem\",\"position\":1,\"name\":\"\u0413\u043b\u0430\u0432\u043d\u0430\u044f \u0441\u0442\u0440\u0430\u043d\u0438\u0446\u0430\",\"item\":\"https:\/\/massocars.de\/\"},{\"@type\":\"ListItem\",\"position\":2,\"name\":\"Impressum\"}]},{\"@type\":\"WebSite\",\"@id\":\"https:\/\/massocars.de\/#website\",\"url\":\"https:\/\/massocars.de\/\",\"name\":\"Masso Cars & Co.\",\"description\":\"\",\"publisher\":{\"@id\":\"https:\/\/massocars.de\/#organization\"},\"potentialAction\":[{\"@type\":\"SearchAction\",\"target\":{\"@type\":\"EntryPoint\",\"urlTemplate\":\"https:\/\/massocars.de\/?s={search_term_string}\"},\"query-input\":{\"@type\":\"PropertyValueSpecification\",\"valueRequired\":true,\"valueName\":\"search_term_string\"}}],\"inLanguage\":\"en-US\"},{\"@type\":\"Organization\",\"@id\":\"https:\/\/massocars.de\/#organization\",\"name\":\"Masso Cars & Co.\",\"url\":\"https:\/\/massocars.de\/\",\"logo\":{\"@type\":\"ImageObject\",\"inLanguage\":\"en-US\",\"@id\":\"https:\/\/massocars.de\/#\/schema\/logo\/image\/\",\"url\":\"https:\/\/massocars.de\/wp-content\/uploads\/2025\/11\/logo-white-2025-11-17-1.png\",\"contentUrl\":\"https:\/\/massocars.de\/wp-content\/uploads\/2025\/11\/logo-white-2025-11-17-1.png\",\"width\":960,\"height\":57,\"caption\":\"Masso Cars & Co.\"},\"image\":{\"@id\":\"https:\/\/massocars.de\/#\/schema\/logo\/image\/\"}}]}<\/script>\n<!-- \/ Yoast SEO plugin. -->","yoast_head_json":{"title":"Impressum - Masso Cars &amp; Co.","robots":{"index":"index","follow":"follow","max-snippet":"max-snippet:-1","max-image-preview":"max-image-preview:large","max-video-preview":"max-video-preview:-1"},"canonical":"https:\/\/massocars.de\/en\/impressum\/","og_locale":"en_US","og_type":"article","og_title":"Impressum - Masso Cars &amp; Co.","og_description":"Pflichtangaben nach \u00a7 5 Digitale-Dienste-Gesetz &#8211; DDG\/Impressum \u00a0 Marcel Jorge Masso Despaigne Masso Cars &amp; Co. Sandkamp 1 22111 Hamburg \u00a0 Mobil: + 49 (0) 163 \u2013 9148 238 E-Mail: info@massocars.de \u00a0 Inhaltlich Verantwortlicher gem\u00e4\u00df \u00a7 18 MStV: Marcel Jorge Masso Despaigne, Sandkamp 1, 22111 Hamburg \u00a0 Nutzungsbedingungen\/Disclaimer (1) Diese Website ist Gegenstand der nachfolgenden Nutzungsbedingungen, die im Verh\u00e4ltnis zwischen Nutzer und Dienstanbieter mit dem Aufruf dieser Website verbindlich vereinbart sind. Soweit spezielle Bedingungen f\u00fcr einzelne Nutzungen dieser Website von den nachfolgenden Nutzungsbedingungen abweichen, wird in der Website an entsprechender Stelle ausdr\u00fccklich darauf hingewiesen. Es gelten dann im jeweiligen Einzelfall erg\u00e4nzend die besonderen Nutzungsbedingungen. Diese Website beinhaltet Daten und Informationen aller Art, die marken- und\/oder urheberrechtlich zugunsten des Diensteanbieters oder im Einzelfall auch zugunsten Dritter gesch\u00fctzt sind. Es ist daher nicht gestattet, die Website im Ganzen oder einzelne Teile davon herunterzuladen, zu vervielf\u00e4ltigen und\/oder zu verbreiten. Gestattet ist vor allem die technisch bedingte Vervielf\u00e4ltigung zum Zwecke des Browsing, soweit diese Handlung keinen wirtschaftlichen Zwecken dient, sowie die dauerhafte Vervielf\u00e4ltigung f\u00fcr den eigenen Gebrauch. (2) Es ist gestattet, einen Link auf diese Website zu setzen, soweit er allein der Querreferenz dient. Der Diensteanbieter beh\u00e4lt sich das Recht vor, die Gestattung zu widerrufen. Das Framen dieser Website ist nicht gestattet. (3) Der Diensteanbieter \u00fcbernimmt die Haftung f\u00fcr die Inhalte seiner Website gem\u00e4\u00df den gesetzlichen Bestimmungen. Eine Gew\u00e4hr f\u00fcr Richtigkeit und Vollst\u00e4ndigkeit der auf der Website befindlichen Information wird nicht \u00fcbernommen. Verweise und Links auf Websites Dritter bedeuten nicht, dass sich der Diensteanbieter die hinter dem Verweis oder Link liegenden Inhalte zu eigen macht. Die Inhalte begr\u00fcnden keine Verantwortung des Diensteanbieters f\u00fcr die dort bereit gehaltenen Daten und Informationen. Der Diensteanbieter hat keinen Einfluss auf die hinter dem Link liegenden Inhalte. F\u00fcr rechtswidrige, fehlerhafte oder unvollst\u00e4ndige Inhalte und f\u00fcr Sch\u00e4den, die aufgrund der Nutzung von einem hinter dem Link liegenden Inhalt verursacht worden sind, haftet der Diensteanbieter daher nicht. (4) Die Nutzung des Internets erfolgt auf eigene Gefahr des Nutzers. Der Diensteanbieter haftet vor allem nicht f\u00fcr den technisch bedingten Ausfall des Internets bzw. des Zugangs zum Internet. (5) Gerichtsstand ist, wenn der Vertragspartner Kaufmann, juristische Person des \u00f6ffentlichen Rechts oder \u00f6ffentlich-rechtliches Sonderverm\u00f6gen ist, am Sitz des Diensteanbieters. Es gilt deutsches Recht unter Ausschluss des UN-Kaufrechts. (6) Der Diensteanbieter beh\u00e4lt sich das Recht vor, diese Nutzungsbedingungen von Zeit zu Zeit zu modifizieren und sie der technischen sowie rechtlichen Entwicklung anzupassen. Der Nutzer \u2013 soweit er sich registriert hat \u2013 wird auf die Ver\u00e4nderung gesondert hingewiesen. Im Falle der Unwirksamkeit einzelner Regelungen dieser Nutzungsvereinbarung bleibt die Wirksamkeit im \u00dcbrigen unber\u00fchrt. \u00a0 \u00a0 \u00a0 \u00a9 Copyright 2026 \u2013 Urheberrechtshinweis Der Inhalt, die Gestaltung und der Aufbau unseres Internet-Angebotes sind urheberrechtlich gesch\u00fctzt und wir behalten uns s\u00e4mtliche Schutzrechte ausdr\u00fccklich vor. Insbesondere bed\u00fcrfen die Vervielf\u00e4ltigung, Bearbeitung, Verbreitung und jede Art der Verwertung unserer schriftlichen Zustimmung, sofern die Ma\u00dfnahme nicht nach gesetzlichen Vorschriften zustimmungsfrei erlaubt ist. Downloads und Kopien dieser Seiten sind nur f\u00fcr den privaten, nicht kommerziellen Gebrauch gestattet.","og_url":"https:\/\/massocars.de\/en\/impressum\/","og_site_name":"Masso Cars &amp; Co.","article_modified_time":"2026-01-28T07:18:40+00:00","twitter_card":"summary_large_image","twitter_misc":{"Est. reading time":"3 minutes"},"schema":{"@context":"https:\/\/schema.org","@graph":[{"@type":"WebPage","@id":"https:\/\/massocars.de\/impressum\/","url":"https:\/\/massocars.de\/impressum\/","name":"Impressum - Masso Cars &amp; Co.","isPartOf":{"@id":"https:\/\/massocars.de\/#website"},"datePublished":"2026-01-28T07:05:04+00:00","dateModified":"2026-01-28T07:18:40+00:00","breadcrumb":{"@id":"https:\/\/massocars.de\/impressum\/#breadcrumb"},"inLanguage":"en-US","potentialAction":[{"@type":"ReadAction","target":["https:\/\/massocars.de\/impressum\/"]}]},{"@type":"BreadcrumbList","@id":"https:\/\/massocars.de\/impressum\/#breadcrumb","itemListElement":[{"@type":"ListItem","position":1,"name":"\u0413\u043b\u0430\u0432\u043d\u0430\u044f \u0441\u0442\u0440\u0430\u043d\u0438\u0446\u0430","item":"https:\/\/massocars.de\/"},{"@type":"ListItem","position":2,"name":"Impressum"}]},{"@type":"WebSite","@id":"https:\/\/massocars.de\/#website","url":"https:\/\/massocars.de\/","name":"Masso Cars & Co.","description":"","publisher":{"@id":"https:\/\/massocars.de\/#organization"},"potentialAction":[{"@type":"SearchAction","target":{"@type":"EntryPoint","urlTemplate":"https:\/\/massocars.de\/?s={search_term_string}"},"query-input":{"@type":"PropertyValueSpecification","valueRequired":true,"valueName":"search_term_string"}}],"inLanguage":"en-US"},{"@type":"Organization","@id":"https:\/\/massocars.de\/#organization","name":"Masso Cars & Co.","url":"https:\/\/massocars.de\/","logo":{"@type":"ImageObject","inLanguage":"en-US","@id":"https:\/\/massocars.de\/#\/schema\/logo\/image\/","url":"https:\/\/massocars.de\/wp-content\/uploads\/2025\/11\/logo-white-2025-11-17-1.png","contentUrl":"https:\/\/massocars.de\/wp-content\/uploads\/2025\/11\/logo-white-2025-11-17-1.png","width":960,"height":57,"caption":"Masso Cars & Co."},"image":{"@id":"https:\/\/massocars.de\/#\/schema\/logo\/image\/"}}]}},"_links":{"self":[{"href":"https:\/\/massocars.de\/en\/wp-json\/wp\/v2\/pages\/2808","targetHints":{"allow":["GET"]}}],"collection":[{"href":"https:\/\/massocars.de\/en\/wp-json\/wp\/v2\/pages"}],"about":[{"href":"https:\/\/massocars.de\/en\/wp-json\/wp\/v2\/types\/page"}],"author":[{"embeddable":true,"href":"https:\/\/massocars.de\/en\/wp-json\/wp\/v2\/users\/1"}],"replies":[{"embeddable":true,"href":"https:\/\/massocars.de\/en\/wp-json\/wp\/v2\/comments?post=2808"}],"version-history":[{"count":7,"href":"https:\/\/massocars.de\/en\/wp-json\/wp\/v2\/pages\/2808\/revisions"}],"predecessor-version":[{"id":2827,"href":"https:\/\/massocars.de\/en\/wp-json\/wp\/v2\/pages\/2808\/revisions\/2827"}],"wp:attachment":[{"href":"https:\/\/massocars.de\/en\/wp-json\/wp\/v2\/media?parent=2808"}],"curies":[{"name":"wp","href":"https:\/\/api.w.org\/{rel}","templated":true}]}}